{"id":511,"date":"2019-01-08T14:00:44","date_gmt":"2019-01-08T14:00:44","guid":{"rendered":"https:\/\/manon.qodeinteractive.com\/?page_id=511"},"modified":"2020-05-19T05:17:07","modified_gmt":"2020-05-19T05:17:07","slug":"horizontal-portfolio","status":"publish","type":"page","link":"https:\/\/www.genuirestaurante.com\/web\/horizontal-portfolio\/","title":{"rendered":"Horizontal Portfolio"},"content":{"rendered":"<p>[vc_row][vc_column]<div class=\"edgtf-portfolio-list-horizontal-holder edgtf-fullscreen\" >\n    <div class=\"edgtf-portfolio-list-horizontal-inner\">\n        \n<div class=\"edgtf-plh-item\">\n    <a itemprop=\"url\" href=\"https:\/\/www.genuirestaurante.com\/web\/portfolio-item\/panes-artesanos\/\" target=\"_self\">\n        <img decoding=\"async\" src=\"https:\/\/www.genuirestaurante.com\/web\/wp-content\/uploads\/2013\/02\/panes_artesanos.jpg\" alt=\"\">\n    <\/a>\n    <div class=\"edgtf-plhi-title-holder\">\n        <h6 class='edgtf-plhi-title'>\n            <a itemprop=\"url\" href=\"https:\/\/www.genuirestaurante.com\/web\/portfolio-item\/panes-artesanos\/\" target=\"_self\">\n                Panes artesanos            <\/a>\n        <\/h6>\n    <\/div>\n    \t\t<div class=\"edgtf-pli-category-holder\">\n\t\t\t\t\t\t\t<a itemprop=\"url\" class=\"edgtf-pli-category\" href=\"https:\/\/www.genuirestaurante.com\/web\/portfolio-category\/espacios\/\">Espacios<\/a>\n\t\t\t\t\t<\/div>\n\t<\/div> \n<div class=\"edgtf-plh-item\">\n    <a itemprop=\"url\" href=\"https:\/\/www.genuirestaurante.com\/web\/portfolio-item\/obrador\/\" target=\"_self\">\n        <img decoding=\"async\" src=\"https:\/\/www.genuirestaurante.com\/web\/wp-content\/uploads\/2013\/02\/paellero.jpg\" alt=\"\">\n    <\/a>\n    <div class=\"edgtf-plhi-title-holder\">\n        <h6 class='edgtf-plhi-title'>\n            <a itemprop=\"url\" href=\"https:\/\/www.genuirestaurante.com\/web\/portfolio-item\/obrador\/\" target=\"_self\">\n                Obrador            <\/a>\n        <\/h6>\n    <\/div>\n    \t\t<div class=\"edgtf-pli-category-holder\">\n\t\t\t\t\t\t\t<a itemprop=\"url\" class=\"edgtf-pli-category\" href=\"https:\/\/www.genuirestaurante.com\/web\/portfolio-category\/espacios\/\">Espacios<\/a>\n\t\t\t\t\t<\/div>\n\t<\/div> \n<div class=\"edgtf-plh-item\">\n    <a itemprop=\"url\" href=\"https:\/\/www.genuirestaurante.com\/web\/portfolio-item\/salon-principal\/\" target=\"_self\">\n        <img decoding=\"async\" src=\"https:\/\/www.genuirestaurante.com\/web\/wp-content\/uploads\/2013\/02\/comedor_principal.jpg\" alt=\"\">\n    <\/a>\n    <div class=\"edgtf-plhi-title-holder\">\n        <h6 class='edgtf-plhi-title'>\n            <a itemprop=\"url\" href=\"https:\/\/www.genuirestaurante.com\/web\/portfolio-item\/salon-principal\/\" target=\"_self\">\n                Sal\u00f3n principal            <\/a>\n        <\/h6>\n    <\/div>\n    \t\t<div class=\"edgtf-pli-category-holder\">\n\t\t\t\t\t\t\t<a itemprop=\"url\" class=\"edgtf-pli-category\" href=\"https:\/\/www.genuirestaurante.com\/web\/portfolio-category\/espacios\/\">Espacios<\/a>\n\t\t\t\t\t<\/div>\n\t<\/div> \n<div class=\"edgtf-plh-item\">\n    <a itemprop=\"url\" href=\"https:\/\/www.genuirestaurante.com\/web\/portfolio-item\/paco-avino\/\" target=\"_self\">\n        <img decoding=\"async\" src=\"https:\/\/www.genuirestaurante.com\/web\/wp-content\/uploads\/2013\/02\/comedores1.jpg\" alt=\"\">\n    <\/a>\n    <div class=\"edgtf-plhi-title-holder\">\n        <h6 class='edgtf-plhi-title'>\n            <a itemprop=\"url\" href=\"https:\/\/www.genuirestaurante.com\/web\/portfolio-item\/paco-avino\/\" target=\"_self\">\n                Paco Avi\u00f1\u00f3            <\/a>\n        <\/h6>\n    <\/div>\n    \t\t<div class=\"edgtf-pli-category-holder\">\n\t\t\t\t\t\t\t<a itemprop=\"url\" class=\"edgtf-pli-category\" href=\"https:\/\/www.genuirestaurante.com\/web\/portfolio-category\/espacios\/\">Espacios<\/a>\n\t\t\t\t\t<\/div>\n\t<\/div> \n<div class=\"edgtf-plh-item\">\n    <a itemprop=\"url\" href=\"https:\/\/www.genuirestaurante.com\/web\/portfolio-item\/privados\/\" target=\"_self\">\n        <img decoding=\"async\" src=\"https:\/\/www.genuirestaurante.com\/web\/wp-content\/uploads\/2013\/02\/reservados.jpg\" alt=\"\">\n    <\/a>\n    <div class=\"edgtf-plhi-title-holder\">\n        <h6 class='edgtf-plhi-title'>\n            <a itemprop=\"url\" href=\"https:\/\/www.genuirestaurante.com\/web\/portfolio-item\/privados\/\" target=\"_self\">\n                Privados            <\/a>\n        <\/h6>\n    <\/div>\n    \t\t<div class=\"edgtf-pli-category-holder\">\n\t\t\t\t\t\t\t<a itemprop=\"url\" class=\"edgtf-pli-category\" href=\"https:\/\/www.genuirestaurante.com\/web\/portfolio-category\/espacios\/\">Espacios<\/a>\n\t\t\t\t\t<\/div>\n\t<\/div> \n<div class=\"edgtf-plh-item\">\n    <a itemprop=\"url\" href=\"https:\/\/www.genuirestaurante.com\/web\/portfolio-item\/vistas\/\" target=\"_self\">\n        <img decoding=\"async\" src=\"https:\/\/www.genuirestaurante.com\/web\/wp-content\/uploads\/2013\/02\/vistas_mesa.jpg\" alt=\"\">\n    <\/a>\n    <div class=\"edgtf-plhi-title-holder\">\n        <h6 class='edgtf-plhi-title'>\n            <a itemprop=\"url\" href=\"https:\/\/www.genuirestaurante.com\/web\/portfolio-item\/vistas\/\" target=\"_self\">\n                Vistas            <\/a>\n        <\/h6>\n    <\/div>\n    \t\t<div class=\"edgtf-pli-category-holder\">\n\t\t\t\t\t\t\t<a itemprop=\"url\" class=\"edgtf-pli-category\" href=\"https:\/\/www.genuirestaurante.com\/web\/portfolio-category\/espacios\/\">Espacios<\/a>\n\t\t\t\t\t<\/div>\n\t<\/div> \n<div class=\"edgtf-plh-item\">\n    <a itemprop=\"url\" href=\"https:\/\/www.genuirestaurante.com\/web\/portfolio-item\/huerto\/\" target=\"_self\">\n        <img decoding=\"async\" src=\"https:\/\/www.genuirestaurante.com\/web\/wp-content\/uploads\/2013\/02\/huerto.jpg\" alt=\"\">\n    <\/a>\n    <div class=\"edgtf-plhi-title-holder\">\n        <h6 class='edgtf-plhi-title'>\n            <a itemprop=\"url\" href=\"https:\/\/www.genuirestaurante.com\/web\/portfolio-item\/huerto\/\" target=\"_self\">\n                Huerto            <\/a>\n        <\/h6>\n    <\/div>\n    \t\t<div class=\"edgtf-pli-category-holder\">\n\t\t\t\t\t\t\t<a itemprop=\"url\" class=\"edgtf-pli-category\" href=\"https:\/\/www.genuirestaurante.com\/web\/portfolio-category\/espacios\/\">Espacios<\/a>\n\t\t\t\t\t<\/div>\n\t<\/div> \n<div class=\"edgtf-plh-item\">\n    <a itemprop=\"url\" href=\"https:\/\/www.genuirestaurante.com\/web\/portfolio-item\/vistas-2\/\" target=\"_self\">\n        <img decoding=\"async\" src=\"https:\/\/www.genuirestaurante.com\/web\/wp-content\/uploads\/2013\/02\/vistas_comedor.jpg\" alt=\"\">\n    <\/a>\n    <div class=\"edgtf-plhi-title-holder\">\n        <h6 class='edgtf-plhi-title'>\n            <a itemprop=\"url\" href=\"https:\/\/www.genuirestaurante.com\/web\/portfolio-item\/vistas-2\/\" target=\"_self\">\n                Vistas            <\/a>\n        <\/h6>\n    <\/div>\n    \t\t<div class=\"edgtf-pli-category-holder\">\n\t\t\t\t\t\t\t<a itemprop=\"url\" class=\"edgtf-pli-category\" href=\"https:\/\/www.genuirestaurante.com\/web\/portfolio-category\/espacios\/\">Espacios<\/a>\n\t\t\t\t\t<\/div>\n\t<\/div>     <\/div>\n            <div class=\"edgtf-ptfh-static\">\n            <h2 class=\"edgtf-ptfh-title\">\n                <span>Paisajes<\/span>\n                <span>Culinarios<\/span>\n            <\/h2>\n                        <div class=\"edgtf-ptfh-widget-area\">\n                \t\t<a class=\"edgtf-social-icon-widget-holder edgtf-icon-has-hover\"  style=\"font-size: 13px;margin: 0px 0px 0px 14px;\" href=\"https:\/\/www.facebook.com\/QodeInteractive\/\" target=\"_blank\">\n\t\t\t<span class=\"edgtf-social-icon-widget fab fa-facebook-f      \"><\/span>\t\t<\/a>\n\t\t\t\t<a class=\"edgtf-social-icon-widget-holder edgtf-icon-has-hover\"  style=\"font-size: 14px;margin: 2px 0px 0px 14px;\" href=\"https:\/\/twitter.com\/QodeInteractive\" target=\"_blank\">\n\t\t\t<span class=\"edgtf-social-icon-widget  social_twitter     \"><\/span>\t\t<\/a>\n\t\t            <\/div>\n                    <\/div>\n    <\/div> [\/vc_column][\/vc_row][vc_row row_content_width=\u00bbgrid\u00bb css=\u00bb.vc_custom_1548332016563{padding-top: 131px !important;padding-bottom: 153px !important;}\u00bb][vc_column width=\u00bb5\/6&#8243; offset=\u00bbvc_col-lg-6&#8243;][vc_empty_space height=\u00bb18px\u00bb]<div class=\"edgtf-section-title-holder  edgtf-st-standard edgtf-st-title-left edgtf-st-normal-space \" >\n\t<div class=\"edgtf-st-inner\">\n\t\t\t\t\t<h2 class=\"edgtf-st-title\" >\n\t\t\t\tLa mas\u00eda. Genu\u00ed B\u00e9tera...\t\t\t<\/h2>\n\t\t\t\t\t<\/div>\n<\/div>[vc_empty_space height=\u00bb33px\u00bb][\/vc_column][vc_column width=\u00bb1\/2&#8243; offset=\u00bbvc_col-lg-6&#8243;][vc_column_text]<\/p>\n<h6>En la revista Spend In. Escrito por Aznar, Andrea.<\/h6>\n<p>[\/vc_column_text][vc_column_text]La mas\u00eda en la que se encuentra el restaurante tiene luz, el ambiente coquetea con la sobriedad sin definirse. La decoraci\u00f3n combina los muebles de \u00e9poca como las alacenas y armarios de madera, algunas sillas, o las l\u00e1mparas de ara\u00f1a, con cuadros coloristas de las paredes, los suelos de madera y los techos altos. Si te asomas a la ventana te topas con la naturaleza mediterr\u00e1nea, en la paleta de verdes del Club de Golf Escorpi\u00f3n. El propio club tom\u00f3 la decisi\u00f3n de darle el acceso libre al restaurante, lo que permite que los comensales se complementen.[\/vc_column_text][\/vc_column][\/vc_row]<\/p>\n","protected":false},"excerpt":{"rendered":"<p>[vc_row][vc_column][\/vc_column][\/vc_row][vc_row row_content_width=\u00bbgrid\u00bb css=\u00bb.vc_custom_1548332016563{padding-top: 131px !important;padding-bottom: 153px !important;}\u00bb][vc_column width=\u00bb5\/6&#8243; offset=\u00bbvc_col-lg-6&#8243;][vc_empty_space height=\u00bb18px\u00bb][vc_empty_space height=\u00bb33px\u00bb][\/vc_column][vc_column width=\u00bb1\/2&#8243; offset=\u00bbvc_col-lg-6&#8243;][vc_column_text] En la revista Spend In. Escrito por Aznar, Andrea. [\/vc_column_text][vc_column_text]La mas\u00eda en la que se encuentra el restaurante tiene luz, el ambiente coquetea con la sobriedad sin [&hellip;]<\/p>\n","protected":false},"author":1,"featured_media":0,"parent":0,"menu_order":0,"comment_status":"closed","ping_status":"closed","template":"full-width.php","meta":{"footnotes":""},"class_list":["post-511","page","type-page","status-publish","hentry"],"_links":{"self":[{"href":"https:\/\/www.genuirestaurante.com\/web\/wp-json\/wp\/v2\/pages\/511","targetHints":{"allow":["GET"]}}],"collection":[{"href":"https:\/\/www.genuirestaurante.com\/web\/wp-json\/wp\/v2\/pages"}],"about":[{"href":"https:\/\/www.genuirestaurante.com\/web\/wp-json\/wp\/v2\/types\/page"}],"author":[{"embeddable":true,"href":"https:\/\/www.genuirestaurante.com\/web\/wp-json\/wp\/v2\/users\/1"}],"replies":[{"embeddable":true,"href":"https:\/\/www.genuirestaurante.com\/web\/wp-json\/wp\/v2\/comments?post=511"}],"version-history":[{"count":10,"href":"https:\/\/www.genuirestaurante.com\/web\/wp-json\/wp\/v2\/pages\/511\/revisions"}],"predecessor-version":[{"id":3573,"href":"https:\/\/www.genuirestaurante.com\/web\/wp-json\/wp\/v2\/pages\/511\/revisions\/3573"}],"wp:attachment":[{"href":"https:\/\/www.genuirestaurante.com\/web\/wp-json\/wp\/v2\/media?parent=511"}],"curies":[{"name":"wp","href":"https:\/\/api.w.org\/{rel}","templated":true}]}}