{"id":2870,"date":"2019-01-04T13:24:13","date_gmt":"2019-01-04T13:24:13","guid":{"rendered":"https:\/\/manon.qodeinteractive.com\/?page_id=387"},"modified":"2020-05-19T04:55:13","modified_gmt":"2020-05-19T04:55:13","slug":"about-us","status":"publish","type":"page","link":"https:\/\/www.genuirestaurante.com\/web\/about-us\/","title":{"rendered":"About Us"},"content":{"rendered":"<p>[vc_row row_content_width=\u00bbgrid\u00bb css=\u00bb.vc_custom_1547481087568{padding-top: 148px !important;}\u00bb][vc_column]<div class=\"edgtf-elements-holder   edgtf-one-column  edgtf-responsive-mode-768 \" ><div class=\"edgtf-eh-item     \"  data-item-class=\"edgtf-eh-custom-2492\">\n\t<div class=\"edgtf-eh-item-inner\">\n\t\t<div class=\"edgtf-eh-item-content edgtf-eh-custom-2492\" style=\"padding: 0px 0px\">\n\t\t\t<div class=\"edgtf-section-title-holder  edgtf-st-standard edgtf-st-title-left edgtf-st-normal-space \" >\n\t<div class=\"edgtf-st-inner\">\n\t\t\t\t\t<h2 class=\"edgtf-st-title\" >\n\t\t\t\thedonismo en estado<br \/> puro...\t\t\t<\/h2>\n\t\t\t\t\t<\/div>\n<\/div>\t\t<\/div>\n\t<\/div>\n<\/div><\/div>[\/vc_column][\/vc_row][vc_row content_placement=\u00bbtop\u00bb row_content_width=\u00bbgrid\u00bb css=\u00bb.vc_custom_1589862876909{padding-top: 32px !important;padding-bottom: 53px !important;}\u00bb][vc_column]<div class=\"edgtf-elements-holder   edgtf-three-columns  edgtf-responsive-mode-1024 \" ><div class=\"edgtf-eh-item  edgtf-vertical-alignment-top   \"  data-item-class=\"edgtf-eh-custom-9639\" data-1025-1366=\"0px 35px 0px 0px\" data-769-1024=\"0px 0px 30px\" data-681-768=\"0px 0px 30px\" data-680=\"0px 0px 30px\">\n\t<div class=\"edgtf-eh-item-inner\">\n\t\t<div class=\"edgtf-eh-item-content edgtf-eh-custom-9639\" style=\"padding: 0px 50px 0px 0px\">\n\t\t\t[vc_column_text]<\/p>\n<h6>Yo, Paco Avi\u00f1\u00f3<\/h6>\n<p>[\/vc_column_text][vc_column_text]Paco Avi\u00f1\u00f3 empez\u00f3 siendo prudente, aunque \u00e9l lo describe como miedo a equivocarse y falta de libertad. Sus platos eran sobrios, sin sorpresas. Y triunf\u00f3 con un tipo de \u00e9xito comercial. Al cumplir a\u00f1os, descubri\u00f3 que a esa forma ordenada y met\u00f3dica de trabajar se le pod\u00eda a\u00f1adir su personalidad. Ahora el restaurante es una exhibici\u00f3n de identidad propia, con un estilo reconocible que solo se encuentra en <strong>Genu\u00ed<\/strong>. Aqu\u00ed cada uno llega y elige, y es que su amplia oferta y la diversidad de su carta, que Avi\u00f1\u00f3 remata con el adjetivo democr\u00e1tica, dejan libertad de movimiento al comensal. \u00abMi cocina no es radical\u00bb, depende de lo atrevido o lo conservador que sea, puede apostar por cl\u00e1sicos adaptados, por productos \u00abtop\u00bb, o por creaciones personales, originales y exclusivas de <strong>Genu\u00ed<\/strong>. Lo que prima en ese estilo es puramente capricho de sus gustos, de su sensibilidad. \u00abLa cocina es b\u00fasqueda siempre, un di\u00e1logo mental intentando adivinar c\u00f3mo sorprender a la mente de mi comensal a trav\u00e9s de mis platos, a trav\u00e9s del sabor. El estilo va mutando cuando captas que \u00e9l quiere dar un paso m\u00e1s\u00bb. Este es un trabajo depurado, oficio de perfeccionistas, y tanto \u00e9l como los integrantes de su plantilla est\u00e1n siempre conectados. Detr\u00e1s de Paco hay un buen equipo: \u00abes gente comprometida, con orgullo propio, con ganas de hacer bien las cosas\u00bb. Son todos ellos los que empujan y ayudan a que las ideas lleguen a un puerto, se materialicen en nuevas elaboraciones. Avi\u00f1\u00f3 nos cuenta que hay una energ\u00eda interior que brota cuando aparece la inspiraci\u00f3n, que puede ser desde una cara bonita a una luna grande, y es entonces cuando \u00abdas con un plato redondo en tu imaginaci\u00f3n\u00bb.[\/vc_column_text]\t\t<\/div>\n\t<\/div>\n<\/div><div class=\"edgtf-eh-item  edgtf-vertical-alignment-top   \"  data-item-class=\"edgtf-eh-custom-4215\" data-1025-1366=\"0px 0px 0px 35px\" data-769-1024=\"0px 0px 30px\" data-681-768=\"0px 0px 30px\" data-680=\"0px 0px 30px\">\n\t<div class=\"edgtf-eh-item-inner\">\n\t\t<div class=\"edgtf-eh-item-content edgtf-eh-custom-4215\" style=\"padding: 0px 0px 0px 50px\">\n\t\t\t<div class=\"edgtf-banner-holder  edgtf-visible-on-default edgtf-banner-info-centered\">\n    <div class=\"edgtf-banner-image\">\n            <\/div>\n    <div class=\"edgtf-banner-text-holder\" style=\"background-color: #dbdbdb\">\n\t    <div class=\"edgtf-banner-text-outer\">\n\t\t    <div class=\"edgtf-banner-text-inner\">\n\t\t        \t\t            <h3 class=\"edgtf-banner-subtitle\" style=\"color: #660036\">\n\t\t\t            \u00abMi trayectoria es como una bonita historia llena de platos, vinos, lugares y personas, muchas personas...\u00bb\t\t            <\/h3>\n\t\t        \t\t        \t\t\t\t\t\t\t<\/div>\n\t\t<\/div>\n\t<\/div>\n\t<\/div>\t\t<\/div>\n\t<\/div>\n<\/div><\/div>[\/vc_column][\/vc_row][vc_row content_placement=\u00bbbottom\u00bb row_content_width=\u00bbgrid\u00bb css=\u00bb.vc_custom_1589863124352{padding-top: 100px !important;padding-bottom: 183px !important;}\u00bb][vc_column]<div class=\"edgtf-elements-holder   edgtf-two-columns  edgtf-responsive-mode-1024 \" ><div class=\"edgtf-eh-item  edgtf-vertical-alignment-bottom   \"  data-item-class=\"edgtf-eh-custom-1034\" data-1025-1366=\"0 37px 0 0\" data-769-1024=\"0 170px 0 0\" data-681-768=\"0 0 0 0\" data-680=\"0 0 0 0\">\n\t<div class=\"edgtf-eh-item-inner\">\n\t\t<div class=\"edgtf-eh-item-content edgtf-eh-custom-1034\" style=\"padding: 0 70px 0 0\">\n\t\t\t<div class=\"edgtf-section-title-holder Sin postureo... edgtf-st-standard edgtf-st-title-left edgtf-st-normal-space \" >\n\t<div class=\"edgtf-st-inner\">\n\t\t\t\t\t<h2 class=\"edgtf-st-title\" >\n\t\t\t\tSin postureo...\t\t\t<\/h2>\n\t\t\t\t\t\t\t<p class=\"edgtf-st-text\" style=\"margin-top: 28px\">\n\t\t\t\tLo mejor es que todo esto tiene su reflejo en un restaurante que sorprende por su naturalidad, por la variedad de platos y por la sinceridad de su cocina. No se trata de elaboraciones impagables, fugaces, y en algunos casos, m\u00e1s relacionadas con vender humo que con el placer de comer bien. Genu\u00ed nos trae platos que trascienden, que ser\u00e1n recordados, de los que invitan a volver para repetir. El plan funciona. Los deseos de Paco Avi\u00f1\u00f3 se funden con sus proyectos, que pondr\u00e1 en marcha si no le apartan de tener una vida normal. \u00abHay una parte en mi que est\u00e1 agotada, pero me impongo disfrutar de este momento, veo a mis clientes especialmente cari\u00f1osos y felices en el restaurante y quiero disfrutarlo\u00bb. Ser\u00eda un delito no sumarse a esa felicidad que nos da disfrutar del buen comer, y de sentarnos con los nuestros a la mesa.\t\t\t<\/p>\n\t\t\t<\/div>\n<\/div>[vc_empty_space][vc_column_text]<\/p>\n<h6>El sublime oficio de dar de comer&#8230;<\/h6>\n<p>[\/vc_column_text][vc_column_text]Cocinar, atender mesas, gestionar un estilo gastron\u00f3mico, es la forma de expresarme y comunicarme con el mundo, mi veh\u00edculo para conocer nuevas personas y hacer amigos. Todo una fuente de vida&#8230;[\/vc_column_text][vc_empty_space][vc_column_text]<\/p>\n<h6>publicaciones<\/h6>\n<p>[\/vc_column_text][vc_column_text]<a href=\"https:\/\/www.spend-in.com\/guiaporciudades\/valencia\/genui.aspx\">Spend In<\/a>[\/vc_column_text]\t\t<\/div>\n\t<\/div>\n<\/div><div class=\"edgtf-eh-item  edgtf-vertical-alignment-bottom   \"  data-item-class=\"edgtf-eh-custom-9904\"  >\n\t<div class=\"edgtf-eh-item-inner\">\n\t\t<div class=\"edgtf-eh-item-content edgtf-eh-custom-9904\" style=\"padding: 0 9% 0 0\">\n\t\t\t[vc_single_image image=\u00bb628&#8243; img_size=\u00bbfull\u00bb][vc_empty_space height=\u00bb40px\u00bb]<div class=\"edgtf-progress-bar  edgtf-pb-percent-floating\">\n\t<h6 class=\"edgtf-pb-title-holder\" >\n\t\t<span class=\"edgtf-pb-title\">Seguimos creciendo...<\/span>\n\t\t<span class=\"edgtf-pb-percent\">0<\/span>\n\t<\/h6>\n\t<div class=\"edgtf-pb-content-holder\" >\n\t\t<div data-percentage=62 class=\"edgtf-pb-content\" ><\/div>\n\t<\/div>\n<\/div>[vc_empty_space height=\u00bb35px\u00bb]<div class=\"edgtf-progress-bar  edgtf-pb-percent-floating\">\n\t<h6 class=\"edgtf-pb-title-holder\" >\n\t\t<span class=\"edgtf-pb-title\">2019<\/span>\n\t\t<span class=\"edgtf-pb-percent\">0<\/span>\n\t<\/h6>\n\t<div class=\"edgtf-pb-content-holder\" >\n\t\t<div data-percentage=95 class=\"edgtf-pb-content\" ><\/div>\n\t<\/div>\n<\/div>[vc_empty_space height=\u00bb35px\u00bb]<div class=\"edgtf-progress-bar  edgtf-pb-percent-floating\">\n\t<h6 class=\"edgtf-pb-title-holder\" >\n\t\t<span class=\"edgtf-pb-title\">2020<\/span>\n\t\t<span class=\"edgtf-pb-percent\">0<\/span>\n\t<\/h6>\n\t<div class=\"edgtf-pb-content-holder\" >\n\t\t<div data-percentage=87 class=\"edgtf-pb-content\" ><\/div>\n\t<\/div>\n<\/div>[vc_empty_space height=\u00bb8px\u00bb]\t\t<\/div>\n\t<\/div>\n<\/div><\/div>[\/vc_column][\/vc_row]<\/p>\n","protected":false},"excerpt":{"rendered":"<p>[vc_row row_content_width=\u00bbgrid\u00bb css=\u00bb.vc_custom_1547481087568{padding-top: 148px !important;}\u00bb][vc_column][\/vc_column][\/vc_row][vc_row content_placement=\u00bbtop\u00bb row_content_width=\u00bbgrid\u00bb css=\u00bb.vc_custom_1589862876909{padding-top: 32px !important;padding-bottom: 53px !important;}\u00bb][vc_column][\/vc_column][\/vc_row][vc_row content_placement=\u00bbbottom\u00bb row_content_width=\u00bbgrid\u00bb css=\u00bb.vc_custom_1589863124352{padding-top: 100px !important;padding-bottom: 183px !important;}\u00bb][vc_column][\/vc_column][\/vc_row]<\/p>\n","protected":false},"author":1,"featured_media":0,"parent":0,"menu_order":0,"comment_status":"closed","ping_status":"closed","template":"full-width.php","meta":{"footnotes":""},"class_list":["post-2870","page","type-page","status-publish","hentry"],"_links":{"self":[{"href":"https:\/\/www.genuirestaurante.com\/web\/wp-json\/wp\/v2\/pages\/2870","targetHints":{"allow":["GET"]}}],"collection":[{"href":"https:\/\/www.genuirestaurante.com\/web\/wp-json\/wp\/v2\/pages"}],"about":[{"href":"https:\/\/www.genuirestaurante.com\/web\/wp-json\/wp\/v2\/types\/page"}],"author":[{"embeddable":true,"href":"https:\/\/www.genuirestaurante.com\/web\/wp-json\/wp\/v2\/users\/1"}],"replies":[{"embeddable":true,"href":"https:\/\/www.genuirestaurante.com\/web\/wp-json\/wp\/v2\/comments?post=2870"}],"version-history":[{"count":37,"href":"https:\/\/www.genuirestaurante.com\/web\/wp-json\/wp\/v2\/pages\/2870\/revisions"}],"predecessor-version":[{"id":3569,"href":"https:\/\/www.genuirestaurante.com\/web\/wp-json\/wp\/v2\/pages\/2870\/revisions\/3569"}],"wp:attachment":[{"href":"https:\/\/www.genuirestaurante.com\/web\/wp-json\/wp\/v2\/media?parent=2870"}],"curies":[{"name":"wp","href":"https:\/\/api.w.org\/{rel}","templated":true}]}}